{"id":4136,"date":"2023-05-31T16:59:04","date_gmt":"2023-05-31T16:59:04","guid":{"rendered":"http:\/\/costadovizir.com\/cookie-erklaerungen\/"},"modified":"2024-04-22T08:43:46","modified_gmt":"2024-04-22T08:43:46","slug":"cookie-erklaerungen","status":"publish","type":"page","link":"https:\/\/costadovizir.com\/de\/cookie-erklaerungen\/","title":{"rendered":"Cookie-Erkl\u00e4rungen"},"content":{"rendered":"\t\t<div data-elementor-type=\"wp-page\" data-elementor-id=\"4136\" class=\"elementor elementor-4136 elementor-481\" data-elementor-post-type=\"page\">\n\t\t\t\t<div class=\"elementor-element elementor-element-90cb902 e-flex e-con-boxed e-con e-parent\" data-id=\"90cb902\" data-element_type=\"container\" data-e-type=\"container\">\n\t\t\t\t\t<div class=\"e-con-inner\">\n\t\t\t\t<div class=\"elementor-element elementor-element-a244067 elementor-widget elementor-widget-heading\" data-id=\"a244067\" data-element_type=\"widget\" data-e-type=\"widget\" data-widget_type=\"heading.default\">\n\t\t\t\t<div class=\"elementor-widget-container\">\n\t\t\t\t\t<h1 class=\"elementor-heading-title elementor-size-default\">Cookie-Erkl\u00e4rung<\/h1>\t\t\t\t<\/div>\n\t\t\t\t<\/div>\n\t\t\t\t<div class=\"elementor-element elementor-element-4008a4e elementor-widget elementor-widget-text-editor\" data-id=\"4008a4e\" data-element_type=\"widget\" data-e-type=\"widget\" data-widget_type=\"text-editor.default\">\n\t\t\t\t<div class=\"elementor-widget-container\">\n\t\t\t\t\t\t\t\t\t<p><strong>COOKIE-ERKL\u00c4RUNG<\/strong><\/p>\n<p><em>Letzte Aktualisierung: 30-Dez-2022<\/em><\/p>\n<\/p>\n<p>Diese Cookie-Erkl\u00e4rung erkl\u00e4rt, wie Costa do Vizir Beach Village &amp; SPA Cookies und \u00e4hnliche Technologien verwendet, um Sie zu erkennen, wenn Sie unsere Website http:\/\/www.costadovizir.com besuchen. Sie erkl\u00e4rt, um welche Technologien es sich handelt und warum wir sie verwenden, sowie Ihre Rechte, deren Verwendung zu kontrollieren.<\/p>\n<p>Was sind Cookies?<\/p>\n<p>&#8222;Cookies&#8220; sind kleine Software-Tags, die \u00fcber den Browser im Zugangsger\u00e4t gespeichert werden und nur Informationen \u00fcber Pr\u00e4ferenzen enthalten, die nicht zur pers\u00f6nlichen Identifizierung der Nutzer verwendet werden und daher keine personenbezogenen Daten enthalten.<\/p>\n<p>Wozu sind Cookies da?<\/p>\n<p>Cookies werden verwendet, um die N\u00fctzlichkeit, das Interesse und die Anzahl der Nutzungen der Website zu ermitteln und so ein schnelleres und effizienteres Surfen zu erm\u00f6glichen, ohne dass dieselben Informationen wiederholt eingegeben werden m\u00fcssen.<\/p>\n<p>Welche Arten von Keksen gibt es?<\/p>\n<p>Es gibt zwei Gruppen von Cookies, die verwendet werden k\u00f6nnen:<\/p>\n<p>Permanente Cookies &#8211; das sind Cookies, die im Browser auf den Zugangsger\u00e4ten (PC, Handy und Tablet) gespeichert werden und immer dann verwendet werden, wenn Sie die Costa do Vizir Beach Village &amp; SPA Website erneut besuchen. Sie werden im Allgemeinen verwendet, um das Surfen auf die Interessen des Nutzers auszurichten und so einen individuelleren Service zu bieten.<\/p>\n<p>Sitzungscookies &#8211; das sind tempor\u00e4re Cookies, die in der Cookie-Datei des Browsers verbleiben, bis Sie die Website verlassen, sich von der Sitzung abmelden oder die Cookies l\u00f6schen. Die durch diese Cookies gewonnenen Informationen werden zur Analyse des Webverkehrs verwendet, um Probleme zu erkennen und das Surfen zu erleichtern.<\/p>\n<p>Wozu verwenden wir Cookies?<\/p>\n<p>Streng notwendige Cookies &#8211; Erm\u00f6glichen Ihnen das Surfen auf der Website und die Nutzung der Anwendungen sowie den Zugang zu sicheren Bereichen der Website. Wenn Sie diese Cookies nicht akzeptieren, k\u00f6nnen wir die betreffende Dienstleistung nicht erbringen.<\/p>\n<p>Analytische Cookies &#8211; Diese werden anonym verwendet, um Statistiken zu erstellen und zu analysieren, um das Funktionieren der Website zu verbessern.<\/p>\n<p>Funktionalit\u00e4ts-Cookies &#8211; Diese speichern die Pr\u00e4ferenzen des Nutzers in Bezug auf die Nutzung der Website, damit Sie die Website nicht bei jedem Besuch neu konfigurieren m\u00fcssen.<\/p>\n<p>Werbe-Cookies &#8211; Gezielte Werbung nach den Interessen jedes Nutzers, um Werbekampagnen nach dem Geschmack der Nutzer auszurichten und auch die Anzahl der Anzeigen zu begrenzen, die Sie sehen, was dazu beitr\u00e4gt, die Wirksamkeit der Werbung und den Erfolg der Organisation der Website zu messen.<\/p>\n<p>Wenn Sie die wichtigsten Cookies, die auf unserer Website verwendet werden, und ihre jeweiligen Zwecke kennenlernen m\u00f6chten, klicken Sie bitte <a href=\"https:\/\/costadovizir.com\/pt\/cookies-utilizadas\/\">hier<\/a>.<\/p>\n<p>Wie k\u00f6nnen Sie Cookies verwalten?<\/p>\n<p>Alle Browser erm\u00f6glichen es dem Benutzer, Cookies zu akzeptieren, abzulehnen oder zu l\u00f6schen, und informieren ihn auch, wenn er ein Cookie erh\u00e4lt. Der Nutzer kann Cookies im Men\u00fc &#8222;Optionen&#8220; oder &#8222;Einstellungen&#8220; seines Browsers konfigurieren.<\/p>\n<p>Sie k\u00f6nnen die Verwendung von Cookies akzeptieren, indem Sie auf der Informationsseite der Website auf die Schaltfl\u00e4che <em>Cookies akzeptieren<\/em> klicken.<\/p>\n<p>Wenn Sie jedoch die Verwendung von Cookies nicht zulassen, kann dies dazu f\u00fchren, dass einige Funktionen der Website nicht richtig funktionieren und die Navigation auf der Website teilweise oder vollst\u00e4ndig beeintr\u00e4chtigt wird.<\/p>\n<p>Um herauszufinden, wie Sie die Cookie-Optionen Ihres Browsers verwalten k\u00f6nnen, w\u00e4hlen Sie bitte den von Ihnen verwendeten Browser aus.<\/p>\n<ul>\n<li><a href=\"https:\/\/support.google.com\/chrome\/answer\/95647?co=GENIE.Platform%3DDesktop&amp;hl=pt\" target=\"_blank\" rel=\"noopener\">Google Chrome<\/a><\/li>\n<li><a href=\"https:\/\/support.mozilla.org\/pt-PT\/kb\/ativar-desativar-cookies-websites-utilizam-monitorizar-preferencias\" target=\"_blank\" rel=\"noopener\">Mozilla Firefox<\/a><\/li>\n<li><a href=\"https:\/\/support.microsoft.com\/pt-pt\/help\/17442\/windows-internet-explorer-delete-manage-cookies\" target=\"_blank\" rel=\"noopener\">Internet Explorer<\/a><\/li>\n<li><a href=\"https:\/\/support.microsoft.com\/pt-pt\/help\/4468242\/microsoft-edge-browsing-data-and-privacy-microsoft-privacy\" target=\"_blank\" rel=\"noopener\">Microsoft Edge<\/a><\/li>\n<li><a href=\"https:\/\/support.apple.com\/pt-pt\/guide\/safari\/sfri11471\/mac\" target=\"_blank\" rel=\"noopener\">Safari<\/a><\/li>\n<li><a href=\"https:\/\/help.opera.com\/en\/latest\/web-preferences\/#cookies\" target=\"_blank\" rel=\"noopener\">Oper<\/a><\/li>\n<\/ul>\n<p>Wie oft wird Costa do Vizir Beach Village &amp; SPA diese Cookie-Erkl\u00e4rung aktualisieren?<\/p>\n<p>Wir k\u00f6nnen diese Cookie-Erkl\u00e4rung von Zeit zu Zeit aktualisieren, um z. B. \u00c4nderungen bei den von uns verwendeten Cookies oder aus anderen betrieblichen, rechtlichen oder regulatorischen Gr\u00fcnden zu ber\u00fccksichtigen. Bitte konsultieren Sie daher regelm\u00e4\u00dfig diese Cookie-Erkl\u00e4rung, um sich \u00fcber unsere Verwendung von Cookies und verwandten Technologien zu informieren.<\/p>\n<p>Das Datum am Anfang dieser Cookie-Erkl\u00e4rung zeigt an, wann sie zuletzt aktualisiert wurde.<\/p>\n\t\t\t\t\t\t\t\t<\/div>\n\t\t\t\t<\/div>\n\t\t\t\t\t<\/div>\n\t\t\t\t<\/div>\n\t\t\t\t<\/div>\n\t\t","protected":false},"excerpt":{"rendered":"<p>Cookie-Erkl\u00e4rung COOKIE-ERKL\u00c4RUNG Letzte Aktualisierung: 30-Dez-2022 Diese Cookie-Erkl\u00e4rung erkl\u00e4rt, wie Costa do Vizir Beach Village &amp; SPA Cookies und \u00e4hnliche Technologien verwendet, um Sie zu erkennen, wenn Sie unsere Website http:\/\/www.costadovizir.com besuchen. Sie erkl\u00e4rt, um welche Technologien es sich handelt und warum wir sie verwenden, sowie Ihre Rechte, deren Verwendung zu kontrollieren. Was sind Cookies? &#8222;Cookies&#8220; [&hellip;]<\/p>\n","protected":false},"author":1,"featured_media":0,"parent":0,"menu_order":0,"comment_status":"closed","ping_status":"closed","template":"","meta":{"footnotes":""},"class_list":["post-4136","page","type-page","status-publish","hentry"],"_links":{"self":[{"href":"https:\/\/costadovizir.com\/de\/wp-json\/wp\/v2\/pages\/4136","targetHints":{"allow":["GET"]}}],"collection":[{"href":"https:\/\/costadovizir.com\/de\/wp-json\/wp\/v2\/pages"}],"about":[{"href":"https:\/\/costadovizir.com\/de\/wp-json\/wp\/v2\/types\/page"}],"author":[{"embeddable":true,"href":"https:\/\/costadovizir.com\/de\/wp-json\/wp\/v2\/users\/1"}],"replies":[{"embeddable":true,"href":"https:\/\/costadovizir.com\/de\/wp-json\/wp\/v2\/comments?post=4136"}],"version-history":[{"count":5,"href":"https:\/\/costadovizir.com\/de\/wp-json\/wp\/v2\/pages\/4136\/revisions"}],"predecessor-version":[{"id":6314,"href":"https:\/\/costadovizir.com\/de\/wp-json\/wp\/v2\/pages\/4136\/revisions\/6314"}],"wp:attachment":[{"href":"https:\/\/costadovizir.com\/de\/wp-json\/wp\/v2\/media?parent=4136"}],"curies":[{"name":"wp","href":"https:\/\/api.w.org\/{rel}","templated":true}]}}