{"id":4345,"date":"2023-05-31T16:59:04","date_gmt":"2023-05-31T16:59:04","guid":{"rendered":"http:\/\/costadovizir.com\/declaraciones-de-cookies\/"},"modified":"2024-04-22T08:43:47","modified_gmt":"2024-04-22T08:43:47","slug":"declaraciones-de-cookies","status":"publish","type":"page","link":"https:\/\/costadovizir.com\/es\/declaraciones-de-cookies\/","title":{"rendered":"Declaraciones de cookies"},"content":{"rendered":"\t\t<div data-elementor-type=\"wp-page\" data-elementor-id=\"4345\" class=\"elementor elementor-4345 elementor-481\" data-elementor-post-type=\"page\">\n\t\t\t\t<div class=\"elementor-element elementor-element-90cb902 e-flex e-con-boxed e-con e-parent\" data-id=\"90cb902\" data-element_type=\"container\" data-e-type=\"container\">\n\t\t\t\t\t<div class=\"e-con-inner\">\n\t\t\t\t<div class=\"elementor-element elementor-element-a244067 elementor-widget elementor-widget-heading\" data-id=\"a244067\" data-element_type=\"widget\" data-e-type=\"widget\" data-widget_type=\"heading.default\">\n\t\t\t\t<div class=\"elementor-widget-container\">\n\t\t\t\t\t<h1 class=\"elementor-heading-title elementor-size-default\">Declaraci\u00f3n sobre cookies<\/h1>\t\t\t\t<\/div>\n\t\t\t\t<\/div>\n\t\t\t\t<div class=\"elementor-element elementor-element-4008a4e elementor-widget elementor-widget-text-editor\" data-id=\"4008a4e\" data-element_type=\"widget\" data-e-type=\"widget\" data-widget_type=\"text-editor.default\">\n\t\t\t\t<div class=\"elementor-widget-container\">\n\t\t\t\t\t\t\t\t\t<p><strong>DECLARACI\u00d3N DE COOKIES<\/strong><\/p>\n<p><em>\u00daltima actualizaci\u00f3n: 30-dic-2022<\/em><\/p>\n<\/p>\n<p>Esta Declaraci\u00f3n sobre Cookies explica c\u00f3mo Costa do Vizir Beach Village &amp; SPA utiliza cookies y tecnolog\u00edas similares para reconocerte cuando visitas nuestro sitio web en http:\/\/www.costadovizir.com. Explica qu\u00e9 son estas tecnolog\u00edas y por qu\u00e9 las utilizamos, as\u00ed como tus derechos a controlar c\u00f3mo las utilizamos.<\/p>\n<p>\u00bfQu\u00e9 son las cookies?<\/p>\n<p>Las \u00abcookies\u00bb son peque\u00f1as etiquetas de software que se almacenan en el equipo de acceso a trav\u00e9s del navegador, conservando \u00fanicamente informaci\u00f3n relacionada con las preferencias, que no se utilizan para identificar personalmente a los usuarios y, por lo tanto, no incluyen datos personales.<\/p>\n<p>\u00bfPara qu\u00e9 sirven las cookies?<\/p>\n<p>Las cookies se utilizan para ayudar a determinar la utilidad, el inter\u00e9s y el n\u00famero de usos del sitio web, lo que permite una navegaci\u00f3n m\u00e1s r\u00e1pida y eficaz, eliminando la necesidad de introducir repetidamente la misma informaci\u00f3n.<\/p>\n<p>\u00bfQu\u00e9 tipo de galletas hay?<\/p>\n<p>Existen dos grupos de cookies que pueden utilizarse:<\/p>\n<p>Cookies permanentes &#8211; son cookies que se almacenan en el navegador de los dispositivos de acceso (PC, m\u00f3vil y tableta) y se utilizan cada vez que vuelves a visitar el sitio web de Costa do Vizir Beach Village &amp; SPA. Generalmente se utilizan para dirigir la navegaci\u00f3n hacia los intereses del usuario, lo que permite ofrecer un servicio m\u00e1s personalizado.<\/p>\n<p>Cookies de sesi\u00f3n: son cookies temporales que permanecen en el archivo de cookies del navegador hasta que usted abandona el sitio web, cierra la sesi\u00f3n o borra las cookies. La informaci\u00f3n obtenida por estas cookies se utiliza para analizar patrones de tr\u00e1fico web, lo que permite identificar problemas y ofrecer una mejor experiencia de navegaci\u00f3n.<\/p>\n<p>\u00bfPara qu\u00e9 utilizamos las cookies?<\/p>\n<p>Cookies estrictamente necesarias &#8211; Le permiten navegar por el sitio web y utilizar las aplicaciones, as\u00ed como acceder a \u00e1reas seguras del sitio web. Si no acepta estas cookies, no podremos prestarle el servicio en cuesti\u00f3n.<\/p>\n<p>Cookies anal\u00edticas &#8211; Se utilizan de forma an\u00f3nima para crear y analizar estad\u00edsticas con el fin de mejorar el funcionamiento del sitio web.<\/p>\n<p>Cookies de funcionalidad &#8211; Almacenan las preferencias del usuario en cuanto al uso del sitio, para que no tenga que volver a configurarlo cada vez que lo visite.<\/p>\n<p>Cookies publicitarias &#8211; Dirigen la publicidad en funci\u00f3n de los intereses de cada usuario, con el fin de orientar las campa\u00f1as publicitarias en funci\u00f3n de los gustos de los usuarios, y tambi\u00e9n limitan el n\u00famero de veces que se ve la publicidad, ayudando a medir la eficacia de la publicidad y el \u00e9xito de la organizaci\u00f3n del sitio web.<\/p>\n<p>Si desea conocer las principales cookies utilizadas en nuestro sitio web y sus respectivas finalidades, haga clic <a href=\"https:\/\/costadovizir.com\/pt\/cookies-utilizadas\/\">aqu\u00ed<\/a>.<\/p>\n<p>\u00bfC\u00f3mo se gestionan las cookies?<\/p>\n<p>Todos los navegadores permiten al usuario aceptar, rechazar o eliminar cookies, y tambi\u00e9n informan al usuario cada vez que se recibe una cookie. El usuario puede configurar las cookies en el men\u00fa \u00abopciones\u00bb o \u00abpreferencias\u00bb de su navegador.<\/p>\n<p>Puede aceptar el uso de cookies haciendo clic en el bot\u00f3n <em>Aceptar cookies<\/em> de la p\u00e1gina de informaci\u00f3n del sitio web.<\/p>\n<p>Sin embargo, si no permite el uso de cookies, esto puede impedir que algunas funcionalidades del sitio web funcionen correctamente, afectando, parcial o totalmente, a la navegaci\u00f3n por el sitio web.<\/p>\n<p>Para saber c\u00f3mo puede gestionar las opciones de cookies de su navegador, seleccione el navegador que utiliza.<\/p>\n<ul>\n<li><a href=\"https:\/\/support.google.com\/chrome\/answer\/95647?co=GENIE.Platform%3DDesktop&amp;hl=pt\" target=\"_blank\" rel=\"noopener\">Google Chrome<\/a><\/li>\n<li><a href=\"https:\/\/support.mozilla.org\/pt-PT\/kb\/ativar-desativar-cookies-websites-utilizam-monitorizar-preferencias\" target=\"_blank\" rel=\"noopener\">Mozilla Firefox<\/a><\/li>\n<li><a href=\"https:\/\/support.microsoft.com\/pt-pt\/help\/17442\/windows-internet-explorer-delete-manage-cookies\" target=\"_blank\" rel=\"noopener\">Internet Explorer<\/a><\/li>\n<li><a href=\"https:\/\/support.microsoft.com\/pt-pt\/help\/4468242\/microsoft-edge-browsing-data-and-privacy-microsoft-privacy\" target=\"_blank\" rel=\"noopener\">Microsoft Edge<\/a><\/li>\n<li><a href=\"https:\/\/support.apple.com\/pt-pt\/guide\/safari\/sfri11471\/mac\" target=\"_blank\" rel=\"noopener\">Safari<\/a><\/li>\n<li><a href=\"https:\/\/help.opera.com\/en\/latest\/web-preferences\/#cookies\" target=\"_blank\" rel=\"noopener\">\u00d3pera<\/a><\/li>\n<\/ul>\n<p>\u00bfCon qu\u00e9 frecuencia actualizar\u00e1 Costa do Vizir Beach Village &amp; SPA esta Declaraci\u00f3n de Cookies?<\/p>\n<p>Podemos actualizar esta Declaraci\u00f3n de Cookies de vez en cuando para reflejar, por ejemplo, cambios en las cookies que utilizamos o por otras razones operativas, legales o reglamentarias. Por lo tanto, le rogamos que consulte peri\u00f3dicamente esta Declaraci\u00f3n sobre cookies para mantenerse informado sobre nuestro uso de cookies y tecnolog\u00edas relacionadas.<\/p>\n<p>La fecha en la parte superior de esta Declaraci\u00f3n de Cookies indica cu\u00e1ndo se actualiz\u00f3 por \u00faltima vez.<\/p>\n\t\t\t\t\t\t\t\t<\/div>\n\t\t\t\t<\/div>\n\t\t\t\t\t<\/div>\n\t\t\t\t<\/div>\n\t\t\t\t<\/div>\n\t\t","protected":false},"excerpt":{"rendered":"<p>Declaraci\u00f3n sobre cookies DECLARACI\u00d3N DE COOKIES \u00daltima actualizaci\u00f3n: 30-dic-2022 Esta Declaraci\u00f3n sobre Cookies explica c\u00f3mo Costa do Vizir Beach Village &amp; SPA utiliza cookies y tecnolog\u00edas similares para reconocerte cuando visitas nuestro sitio web en http:\/\/www.costadovizir.com. Explica qu\u00e9 son estas tecnolog\u00edas y por qu\u00e9 las utilizamos, as\u00ed como tus derechos a controlar c\u00f3mo las utilizamos. [&hellip;]<\/p>\n","protected":false},"author":1,"featured_media":0,"parent":0,"menu_order":0,"comment_status":"closed","ping_status":"closed","template":"","meta":{"footnotes":""},"class_list":["post-4345","page","type-page","status-publish","hentry"],"_links":{"self":[{"href":"https:\/\/costadovizir.com\/es\/wp-json\/wp\/v2\/pages\/4345","targetHints":{"allow":["GET"]}}],"collection":[{"href":"https:\/\/costadovizir.com\/es\/wp-json\/wp\/v2\/pages"}],"about":[{"href":"https:\/\/costadovizir.com\/es\/wp-json\/wp\/v2\/types\/page"}],"author":[{"embeddable":true,"href":"https:\/\/costadovizir.com\/es\/wp-json\/wp\/v2\/users\/1"}],"replies":[{"embeddable":true,"href":"https:\/\/costadovizir.com\/es\/wp-json\/wp\/v2\/comments?post=4345"}],"version-history":[{"count":15,"href":"https:\/\/costadovizir.com\/es\/wp-json\/wp\/v2\/pages\/4345\/revisions"}],"predecessor-version":[{"id":6321,"href":"https:\/\/costadovizir.com\/es\/wp-json\/wp\/v2\/pages\/4345\/revisions\/6321"}],"wp:attachment":[{"href":"https:\/\/costadovizir.com\/es\/wp-json\/wp\/v2\/media?parent=4345"}],"curies":[{"name":"wp","href":"https:\/\/api.w.org\/{rel}","templated":true}]}}