{"id":4046,"date":"2023-05-31T16:59:04","date_gmt":"2023-05-31T16:59:04","guid":{"rendered":"http:\/\/costadovizir.com\/declarations-de-cookies\/"},"modified":"2024-04-22T08:43:48","modified_gmt":"2024-04-22T08:43:48","slug":"declarations-de-cookies","status":"publish","type":"page","link":"https:\/\/costadovizir.com\/fr\/declarations-de-cookies\/","title":{"rendered":"D\u00e9clarations de cookies"},"content":{"rendered":"\t\t<div data-elementor-type=\"wp-page\" data-elementor-id=\"4046\" class=\"elementor elementor-4046 elementor-481\" data-elementor-post-type=\"page\">\n\t\t\t\t<div class=\"elementor-element elementor-element-90cb902 e-flex e-con-boxed e-con e-parent\" data-id=\"90cb902\" data-element_type=\"container\" data-e-type=\"container\">\n\t\t\t\t\t<div class=\"e-con-inner\">\n\t\t\t\t<div class=\"elementor-element elementor-element-a244067 elementor-widget elementor-widget-heading\" data-id=\"a244067\" data-element_type=\"widget\" data-e-type=\"widget\" data-widget_type=\"heading.default\">\n\t\t\t\t<div class=\"elementor-widget-container\">\n\t\t\t\t\t<h1 class=\"elementor-heading-title elementor-size-default\">D\u00e9claration sur les cookies<\/h1>\t\t\t\t<\/div>\n\t\t\t\t<\/div>\n\t\t\t\t<div class=\"elementor-element elementor-element-4008a4e elementor-widget elementor-widget-text-editor\" data-id=\"4008a4e\" data-element_type=\"widget\" data-e-type=\"widget\" data-widget_type=\"text-editor.default\">\n\t\t\t\t<div class=\"elementor-widget-container\">\n\t\t\t\t\t\t\t\t\t<p><strong>D\u00c9CLARATION DE COOKIE<\/strong><\/p>\n<p><em>Derni\u00e8re mise \u00e0 jour : 30-Dec-2022<\/em><\/p>\n<\/p>\n<p>Cette d\u00e9claration sur les cookies explique comment Costa do Vizir Beach Village &amp; SPA utilise des cookies et des technologies similaires pour vous reconna\u00eetre lorsque vous visitez notre site Web \u00e0 l&rsquo;adresse http:\/\/www.costadovizir.com. Elle explique ce que sont ces technologies et pourquoi nous les utilisons, ainsi que vos droits de contr\u00f4ler la fa\u00e7on dont nous les utilisons.<\/p>\n<p>Qu&rsquo;est-ce qu&rsquo;un biscuit ?<\/p>\n<p>Les \u00ab\u00a0cookies\u00a0\u00bb sont de petites balises logicielles qui sont stock\u00e9es dans l&rsquo;\u00e9quipement d&rsquo;acc\u00e8s via le navigateur et qui ne retiennent que les informations relatives aux pr\u00e9f\u00e9rences, qui ne sont pas utilis\u00e9es pour identifier personnellement les utilisateurs et qui n&rsquo;incluent donc pas de donn\u00e9es personnelles.<\/p>\n<p>\u00c0 quoi servent les cookies ?<\/p>\n<p>Les cookies sont utilis\u00e9s pour aider \u00e0 d\u00e9terminer l&rsquo;utilit\u00e9, l&rsquo;int\u00e9r\u00eat et le nombre d&rsquo;utilisations du site web, permettant une navigation plus rapide et plus efficace, \u00e9liminant la n\u00e9cessit\u00e9 de saisir plusieurs fois les m\u00eames informations.<\/p>\n<p>Quels sont les types de biscuits ?<\/p>\n<p>Deux groupes de cookies peuvent \u00eatre utilis\u00e9s :<\/p>\n<p>Cookies permanents &#8211; il s&rsquo;agit de cookies qui sont stock\u00e9s dans le navigateur sur les dispositifs d&rsquo;acc\u00e8s (PC, mobile et tablette) et qui sont utilis\u00e9s chaque fois que vous visitez \u00e0 nouveau le site Web de Costa do Vizir Beach Village &amp; SPA. Ils sont g\u00e9n\u00e9ralement utilis\u00e9s pour orienter la navigation en fonction des int\u00e9r\u00eats de l&rsquo;utilisateur, ce qui permet de fournir un service plus personnalis\u00e9.<\/p>\n<p>Cookies de session &#8211; il s&rsquo;agit de cookies temporaires qui restent dans le fichier de cookies du navigateur jusqu&rsquo;\u00e0 ce que vous quittiez le site web, que vous vous d\u00e9connectiez de la session ou que vous effaciez les cookies. Les informations obtenues par ces cookies sont utilis\u00e9es pour analyser les mod\u00e8les de trafic web, ce qui permet d&rsquo;identifier les probl\u00e8mes et d&rsquo;offrir une meilleure exp\u00e9rience de navigation.<\/p>\n<p>Pourquoi utilisons-nous des cookies ?<\/p>\n<p>Cookies strictement n\u00e9cessaires &#8211; Ils vous permettent de naviguer sur le site web et d&rsquo;utiliser les applications, ainsi que d&rsquo;acc\u00e9der aux zones s\u00e9curis\u00e9es du site web. Si vous n&rsquo;acceptez pas ces cookies, nous ne serons pas en mesure de vous fournir le service en question.<\/p>\n<p>Cookies analytiques &#8211; Ils sont utilis\u00e9s de mani\u00e8re anonyme pour cr\u00e9er et analyser des statistiques afin d&rsquo;am\u00e9liorer le fonctionnement du site web.<\/p>\n<p>Cookies de fonctionnalit\u00e9 &#8211; Ils stockent les pr\u00e9f\u00e9rences de l&rsquo;utilisateur concernant l&rsquo;utilisation du site, de sorte que vous n&rsquo;ayez pas \u00e0 configurer \u00e0 nouveau le site chaque fois que vous le visitez.<\/p>\n<p>Cookies publicitaires &#8211; Ils ciblent la publicit\u00e9 en fonction des int\u00e9r\u00eats de chaque utilisateur, afin d&rsquo;orienter les campagnes publicitaires en fonction des go\u00fbts des utilisateurs, et limitent \u00e9galement le nombre de fois o\u00f9 vous voyez la publicit\u00e9, ce qui permet de mesurer l&rsquo;efficacit\u00e9 de la publicit\u00e9 et le succ\u00e8s de l&rsquo;organisation du site web.<\/p>\n<p>Si vous souhaitez conna\u00eetre les principaux cookies utilis\u00e9s sur notre site web et leurs finalit\u00e9s respectives, cliquez <a href=\"https:\/\/costadovizir.com\/pt\/cookies-utilizadas\/\">ici<\/a>.<\/p>\n<p>Comment g\u00e9rer les cookies ?<\/p>\n<p>Tous les navigateurs permettent \u00e0 l&rsquo;utilisateur d&rsquo;accepter, de refuser ou de supprimer les cookies et l&rsquo;informent de la r\u00e9ception d&rsquo;un cookie. L&rsquo;utilisateur peut configurer les cookies dans le menu \u00ab\u00a0options\u00a0\u00bb ou \u00ab\u00a0pr\u00e9f\u00e9rences\u00a0\u00bb de son navigateur.<\/p>\n<p>Vous pouvez accepter l&rsquo;utilisation de cookies en cliquant sur le bouton <em>Accepter les cookies<\/em> sur la page d&rsquo;information du site web.<\/p>\n<p>Toutefois, si vous n&rsquo;autorisez pas l&rsquo;utilisation de cookies, cela peut emp\u00eacher certaines fonctionnalit\u00e9s du site web de fonctionner correctement, affectant, partiellement ou totalement, la navigation sur le site web.<\/p>\n<p>Pour savoir comment g\u00e9rer les options de votre navigateur en mati\u00e8re de cookies, veuillez s\u00e9lectionner le navigateur que vous utilisez.<\/p>\n<ul>\n<li><a href=\"https:\/\/support.google.com\/chrome\/answer\/95647?co=GENIE.Platform%3DDesktop&amp;hl=pt\" target=\"_blank\" rel=\"noopener\">Google Chrome<\/a><\/li>\n<li><a href=\"https:\/\/support.mozilla.org\/pt-PT\/kb\/ativar-desativar-cookies-websites-utilizam-monitorizar-preferencias\" target=\"_blank\" rel=\"noopener\">Mozilla Firefox<\/a><\/li>\n<li><a href=\"https:\/\/support.microsoft.com\/pt-pt\/help\/17442\/windows-internet-explorer-delete-manage-cookies\" target=\"_blank\" rel=\"noopener\">Internet Explorer<\/a><\/li>\n<li><a href=\"https:\/\/support.microsoft.com\/pt-pt\/help\/4468242\/microsoft-edge-browsing-data-and-privacy-microsoft-privacy\" target=\"_blank\" rel=\"noopener\">Microsoft Edge<\/a><\/li>\n<li><a href=\"https:\/\/support.apple.com\/pt-pt\/guide\/safari\/sfri11471\/mac\" target=\"_blank\" rel=\"noopener\">Safari<\/a><\/li>\n<li><a href=\"https:\/\/help.opera.com\/en\/latest\/web-preferences\/#cookies\" target=\"_blank\" rel=\"noopener\">Op\u00e9ra<\/a><\/li>\n<\/ul>\n<p>\u00c0 quelle fr\u00e9quence la Costa do Vizir Beach Village &amp; SPA met-elle \u00e0 jour cette d\u00e9claration relative aux cookies ?<\/p>\n<p>Nous pouvons mettre \u00e0 jour la pr\u00e9sente d\u00e9claration relative aux cookies de temps \u00e0 autre pour refl\u00e9ter, par exemple, des changements dans les cookies que nous utilisons ou pour d&rsquo;autres raisons op\u00e9rationnelles, juridiques ou r\u00e9glementaires. Nous vous invitons donc \u00e0 consulter r\u00e9guli\u00e8rement la pr\u00e9sente d\u00e9claration sur les cookies afin de vous tenir inform\u00e9s de notre utilisation des cookies et des technologies connexes.<\/p>\n<p>La date figurant en haut de la pr\u00e9sente d\u00e9claration sur les cookies indique la date de sa derni\u00e8re mise \u00e0 jour.<\/p>\n\t\t\t\t\t\t\t\t<\/div>\n\t\t\t\t<\/div>\n\t\t\t\t\t<\/div>\n\t\t\t\t<\/div>\n\t\t\t\t<\/div>\n\t\t","protected":false},"excerpt":{"rendered":"<p>D\u00e9claration sur les cookies D\u00c9CLARATION DE COOKIE Derni\u00e8re mise \u00e0 jour : 30-Dec-2022 Cette d\u00e9claration sur les cookies explique comment Costa do Vizir Beach Village &amp; SPA utilise des cookies et des technologies similaires pour vous reconna\u00eetre lorsque vous visitez notre site Web \u00e0 l&rsquo;adresse http:\/\/www.costadovizir.com. Elle explique ce que sont ces technologies et pourquoi [&hellip;]<\/p>\n","protected":false},"author":1,"featured_media":0,"parent":0,"menu_order":0,"comment_status":"closed","ping_status":"closed","template":"","meta":{"footnotes":""},"class_list":["post-4046","page","type-page","status-publish","hentry"],"_links":{"self":[{"href":"https:\/\/costadovizir.com\/fr\/wp-json\/wp\/v2\/pages\/4046","targetHints":{"allow":["GET"]}}],"collection":[{"href":"https:\/\/costadovizir.com\/fr\/wp-json\/wp\/v2\/pages"}],"about":[{"href":"https:\/\/costadovizir.com\/fr\/wp-json\/wp\/v2\/types\/page"}],"author":[{"embeddable":true,"href":"https:\/\/costadovizir.com\/fr\/wp-json\/wp\/v2\/users\/1"}],"replies":[{"embeddable":true,"href":"https:\/\/costadovizir.com\/fr\/wp-json\/wp\/v2\/comments?post=4046"}],"version-history":[{"count":5,"href":"https:\/\/costadovizir.com\/fr\/wp-json\/wp\/v2\/pages\/4046\/revisions"}],"predecessor-version":[{"id":6320,"href":"https:\/\/costadovizir.com\/fr\/wp-json\/wp\/v2\/pages\/4046\/revisions\/6320"}],"wp:attachment":[{"href":"https:\/\/costadovizir.com\/fr\/wp-json\/wp\/v2\/media?parent=4046"}],"curies":[{"name":"wp","href":"https:\/\/api.w.org\/{rel}","templated":true}]}}